{"id":41,"date":"2020-03-19T13:17:09","date_gmt":"2020-03-19T12:17:09","guid":{"rendered":"http:\/\/miejscenapoprawki.pl\/?page_id=41"},"modified":"2025-09-26T12:47:56","modified_gmt":"2025-09-26T10:47:56","slug":"oplaty","status":"publish","type":"page","link":"http:\/\/orlik.lublin.pl\/index.php\/oplaty\/","title":{"rendered":"Op\u0142aty"},"content":{"rendered":"\n<p><\/p>\n\n\n\n<h2 class=\"wp-block-heading has-text-align-center\"><em><strong>Op\u0142aty za zaj\u0119cia w roku szkolnym 2025-2026<\/strong><\/em><\/h2>\n\n\n\n<p class=\"has-text-align-center\"><\/p>\n\n\n\n<p class=\"has-text-align-center\"><br><br><strong>Zaj\u0119cia 1 x w tygodniu 45 min<\/strong><\/p>\n\n\n\n<p class=\"has-text-align-center\">38 z\u0142 za 45 min<\/p>\n\n\n\n<p class=\"has-text-align-center\"><strong><strong><strong>SPECJALNA OFERTA PROMOCYJNA <\/strong><\/strong><\/strong><\/p>\n\n\n\n<p class=\"has-text-align-center\"><strong><strong><strong>dla uczni\u00f3w SP 22 w Lublinie 30 z\u0142 za 45 min<\/strong><\/strong><\/strong><\/p>\n\n\n\n<p><\/p>\n\n\n\n<p class=\"has-text-align-center\"><strong>Zaj\u0119cia\n2 x w tygodniu po 45 min<\/strong><\/p>\n\n\n\n<p class=\"has-text-align-center\">35 z\u0142 za 45 min<br><\/p>\n\n\n\n<p class=\"has-text-align-center\"> Op\u0142at nale\u017cy dokonywa\u0107 na konto klubu w tytule wpisuj\u0105c imi\u0119 i nazwisko dziecka oraz grup\u0119, do kt\u00f3rej chodzi na zaj\u0119cia (dzie\u0144 i godzina)<\/p>\n\n\n\n<p><em>(szczeg\u00f3\u0142owe informacje mo\u017cna uzyska\u0107 u Pana Wojciecha Brygo\u0142a 502066540)<\/em><\/p>\n\n\n\n<h2 class=\"wp-block-heading has-text-align-center\"><br><em><strong>Sk\u0142adka Cz\u0142onkowska <\/strong><\/em><br><em><strong>dla Klas Profilowanych<\/strong><\/em> <\/h2>\n\n\n\n<p class=\"has-text-align-center\"><strong>100 z\u0142 miesi\u0119cznie<\/strong><\/p>\n\n\n\n<p><\/p>\n\n\n\n<p class=\"has-text-align-center has-medium-font-size\"><strong>Sk\u0142ada Cz\u0142onkowska dla Zawodnik\u00f3w LUKS Orlik <\/strong><\/p>\n\n\n\n<p class=\"has-text-align-center has-medium-font-size\"><strong>nieb\u0119d\u0105cych w Klasach Profilowanych<\/strong> <\/p>\n\n\n\n<p class=\"has-text-align-center\"><strong>200 z\u0142 miesi\u0119cznie<\/strong><\/p>\n\n\n\n<p><\/p>\n\n\n\n<p class=\"has-text-align-center\"><em>Sk\u0142ada cz\u0142onkowska jest sk\u0142adk\u0105 za przynale\u017cno\u015b\u0107 do klubu i jest p\u0142atna przez 10 miesi\u0119cy od wrze\u015bnia 2025 do czerwca 2026 bez wzgl\u0119du na ewentualne nieobecno\u015bci<\/em><\/p>\n","protected":false},"excerpt":{"rendered":"<p>Op\u0142aty za zaj\u0119cia w roku szkolnym 2025-2026 Zaj\u0119cia 1 x w tygodniu 45 min 38 z\u0142 za 45 min SPECJALNA OFERTA PROMOCYJNA dla uczni\u00f3w SP 22 w Lublinie 30 z\u0142 za 45 min Zaj\u0119cia 2 x w tygodniu po 45 min 35 z\u0142 za 45 min Op\u0142at nale\u017cy dokonywa\u0107 na konto klubu w tytule wpisuj\u0105c&#8230;<\/p>\n","protected":false},"author":1,"featured_media":0,"parent":0,"menu_order":0,"comment_status":"closed","ping_status":"closed","template":"","meta":{"footnotes":""},"class_list":["post-41","page","type-page","status-publish","hentry"],"_links":{"self":[{"href":"http:\/\/orlik.lublin.pl\/index.php\/wp-json\/wp\/v2\/pages\/41","targetHints":{"allow":["GET"]}}],"collection":[{"href":"http:\/\/orlik.lublin.pl\/index.php\/wp-json\/wp\/v2\/pages"}],"about":[{"href":"http:\/\/orlik.lublin.pl\/index.php\/wp-json\/wp\/v2\/types\/page"}],"author":[{"embeddable":true,"href":"http:\/\/orlik.lublin.pl\/index.php\/wp-json\/wp\/v2\/users\/1"}],"replies":[{"embeddable":true,"href":"http:\/\/orlik.lublin.pl\/index.php\/wp-json\/wp\/v2\/comments?post=41"}],"version-history":[{"count":47,"href":"http:\/\/orlik.lublin.pl\/index.php\/wp-json\/wp\/v2\/pages\/41\/revisions"}],"predecessor-version":[{"id":265,"href":"http:\/\/orlik.lublin.pl\/index.php\/wp-json\/wp\/v2\/pages\/41\/revisions\/265"}],"wp:attachment":[{"href":"http:\/\/orlik.lublin.pl\/index.php\/wp-json\/wp\/v2\/media?parent=41"}],"curies":[{"name":"wp","href":"https:\/\/api.w.org\/{rel}","templated":true}]}}